{"id":88,"date":"2025-05-03T15:39:10","date_gmt":"2025-05-03T13:39:10","guid":{"rendered":"https:\/\/lebarmobile.paris\/index.php\/home\/"},"modified":"2025-05-05T19:55:00","modified_gmt":"2025-05-05T17:55:00","slug":"home","status":"publish","type":"page","link":"https:\/\/lebarmobile.paris\/","title":{"rendered":"Home"},"content":{"rendered":"\t\t<div data-elementor-type=\"wp-page\" data-elementor-id=\"88\" class=\"elementor elementor-88\" data-elementor-post-type=\"page\">\n\t\t\t\t<div class=\"elementor-element elementor-element-5277a64 e-flex e-con-boxed e-con e-parent\" data-id=\"5277a64\" data-element_type=\"container\">\n\t\t\t\t\t<div class=\"e-con-inner\">\n\t\t\t\t<div class=\"elementor-element elementor-element-d580a82 elementor-widget__width-inherit elementor-widget elementor-widget-image\" data-id=\"d580a82\" data-element_type=\"widget\" data-widget_type=\"image.default\">\n\t\t\t\t<div class=\"elementor-widget-container\">\n\t\t\t\t\t\t\t\t\t\t\t\t\t\t\t<img fetchpriority=\"high\" decoding=\"async\" width=\"2560\" height=\"1708\" src=\"https:\/\/lebarmobile.paris\/wp-content\/uploads\/2025\/05\/PHOTO-20240307-ABEILLE-ASSURANCE-x-WBA-ROOFTOP-MONCEAU-15-scaled.jpg\" class=\"attachment-full size-full wp-image-31\" alt=\"\" srcset=\"https:\/\/lebarmobile.paris\/wp-content\/uploads\/2025\/05\/PHOTO-20240307-ABEILLE-ASSURANCE-x-WBA-ROOFTOP-MONCEAU-15-scaled.jpg 2560w, https:\/\/lebarmobile.paris\/wp-content\/uploads\/2025\/05\/PHOTO-20240307-ABEILLE-ASSURANCE-x-WBA-ROOFTOP-MONCEAU-15-300x200.jpg 300w, https:\/\/lebarmobile.paris\/wp-content\/uploads\/2025\/05\/PHOTO-20240307-ABEILLE-ASSURANCE-x-WBA-ROOFTOP-MONCEAU-15-1024x683.jpg 1024w, https:\/\/lebarmobile.paris\/wp-content\/uploads\/2025\/05\/PHOTO-20240307-ABEILLE-ASSURANCE-x-WBA-ROOFTOP-MONCEAU-15-768x512.jpg 768w, https:\/\/lebarmobile.paris\/wp-content\/uploads\/2025\/05\/PHOTO-20240307-ABEILLE-ASSURANCE-x-WBA-ROOFTOP-MONCEAU-15-1536x1025.jpg 1536w, https:\/\/lebarmobile.paris\/wp-content\/uploads\/2025\/05\/PHOTO-20240307-ABEILLE-ASSURANCE-x-WBA-ROOFTOP-MONCEAU-15-2048x1366.jpg 2048w\" sizes=\"(max-width: 2560px) 100vw, 2560px\" \/>\t\t\t\t\t\t\t\t\t\t\t\t\t\t\t<\/div>\n\t\t\t\t<\/div>\n\t\t\t\t\t<\/div>\n\t\t\t\t<\/div>\n\t\t<div class=\"elementor-element elementor-element-2cdbf69 e-flex e-con-boxed e-con e-parent\" data-id=\"2cdbf69\" data-element_type=\"container\">\n\t\t\t\t\t<div class=\"e-con-inner\">\n\t\t\t\t<div class=\"elementor-element elementor-element-c44727d elementor-widget elementor-widget-heading\" data-id=\"c44727d\" data-element_type=\"widget\" data-widget_type=\"heading.default\">\n\t\t\t\t<div class=\"elementor-widget-container\">\n\t\t\t\t\t<h2 class=\"elementor-heading-title elementor-size-default\"><br><b>Louez nos bars mobiles <\/b><br><b>pour vos \u00e9v\u00e9nements <\/b><\/h2>\t\t\t\t<\/div>\n\t\t\t\t<\/div>\n\t\t\t\t<div class=\"elementor-element elementor-element-d30c76e elementor-widget-divider--view-line elementor-widget elementor-widget-divider\" data-id=\"d30c76e\" data-element_type=\"widget\" data-widget_type=\"divider.default\">\n\t\t\t\t<div class=\"elementor-widget-container\">\n\t\t\t\t\t\t\t<div class=\"elementor-divider\">\n\t\t\t<span class=\"elementor-divider-separator\">\n\t\t\t\t\t\t<\/span>\n\t\t<\/div>\n\t\t\t\t\t\t<\/div>\n\t\t\t\t<\/div>\n\t\t\t\t<div class=\"elementor-element elementor-element-94f785f elementor-widget elementor-widget-heading\" data-id=\"94f785f\" data-element_type=\"widget\" data-widget_type=\"heading.default\">\n\t\t\t\t<div class=\"elementor-widget-container\">\n\t\t\t\t\t<h2 class=\"elementor-heading-title elementor-size-default\">Vous \u00eates traiteur, h\u00f4telier, restaurateur, particulier ou une entreprise ? <br>Nous vous proposons \u00e0 la location le mat\u00e9riel pour des prestations culinaires cl\u00e9 en main.<br><\/h2>\t\t\t\t<\/div>\n\t\t\t\t<\/div>\n\t\t\t\t\t<\/div>\n\t\t\t\t<\/div>\n\t\t<div class=\"elementor-element elementor-element-a4f5296 e-con-full e-flex e-con e-parent\" data-id=\"a4f5296\" data-element_type=\"container\">\n\t\t\t\t<div class=\"elementor-element elementor-element-0cadafc elementor-widget-divider--view-line elementor-widget elementor-widget-divider\" data-id=\"0cadafc\" data-element_type=\"widget\" data-widget_type=\"divider.default\">\n\t\t\t\t<div class=\"elementor-widget-container\">\n\t\t\t\t\t\t\t<div class=\"elementor-divider\">\n\t\t\t<span class=\"elementor-divider-separator\">\n\t\t\t\t\t\t<\/span>\n\t\t<\/div>\n\t\t\t\t\t\t<\/div>\n\t\t\t\t<\/div>\n\t\t\t\t<div class=\"elementor-element elementor-element-324ee6f elementor-widget elementor-widget-image\" data-id=\"324ee6f\" data-element_type=\"widget\" data-widget_type=\"image.default\">\n\t\t\t\t<div class=\"elementor-widget-container\">\n\t\t\t\t\t\t\t\t\t\t\t\t\t\t\t<img decoding=\"async\" width=\"800\" height=\"534\" src=\"https:\/\/lebarmobile.paris\/wp-content\/uploads\/2025\/05\/PHOTO-20240307-ABEILLE-ASSURANCE-x-WBA-ROOFTOP-MONCEAU-14-1024x683.jpg\" class=\"attachment-large size-large wp-image-30\" alt=\"\" srcset=\"https:\/\/lebarmobile.paris\/wp-content\/uploads\/2025\/05\/PHOTO-20240307-ABEILLE-ASSURANCE-x-WBA-ROOFTOP-MONCEAU-14-1024x683.jpg 1024w, https:\/\/lebarmobile.paris\/wp-content\/uploads\/2025\/05\/PHOTO-20240307-ABEILLE-ASSURANCE-x-WBA-ROOFTOP-MONCEAU-14-300x200.jpg 300w, https:\/\/lebarmobile.paris\/wp-content\/uploads\/2025\/05\/PHOTO-20240307-ABEILLE-ASSURANCE-x-WBA-ROOFTOP-MONCEAU-14-768x512.jpg 768w, https:\/\/lebarmobile.paris\/wp-content\/uploads\/2025\/05\/PHOTO-20240307-ABEILLE-ASSURANCE-x-WBA-ROOFTOP-MONCEAU-14-1536x1025.jpg 1536w, https:\/\/lebarmobile.paris\/wp-content\/uploads\/2025\/05\/PHOTO-20240307-ABEILLE-ASSURANCE-x-WBA-ROOFTOP-MONCEAU-14-2048x1366.jpg 2048w\" sizes=\"(max-width: 800px) 100vw, 800px\" \/>\t\t\t\t\t\t\t\t\t\t\t\t\t\t\t<\/div>\n\t\t\t\t<\/div>\n\t\t\t\t<div class=\"elementor-element elementor-element-088c105 elementor-widget-divider--view-line elementor-widget elementor-widget-divider\" data-id=\"088c105\" data-element_type=\"widget\" data-widget_type=\"divider.default\">\n\t\t\t\t<div class=\"elementor-widget-container\">\n\t\t\t\t\t\t\t<div class=\"elementor-divider\">\n\t\t\t<span class=\"elementor-divider-separator\">\n\t\t\t\t\t\t<\/span>\n\t\t<\/div>\n\t\t\t\t\t\t<\/div>\n\t\t\t\t<\/div>\n\t\t\t\t<\/div>\n\t\t<div class=\"elementor-element elementor-element-ea95c22 e-flex e-con-boxed e-con e-parent\" data-id=\"ea95c22\" data-element_type=\"container\">\n\t\t\t\t\t<div class=\"e-con-inner\">\n\t\t\t\t\t<\/div>\n\t\t\t\t<\/div>\n\t\t<div class=\"elementor-element elementor-element-2d47bb9 e-flex e-con-boxed e-con e-parent\" data-id=\"2d47bb9\" data-element_type=\"container\">\n\t\t\t\t\t<div class=\"e-con-inner\">\n\t\t\t\t\t<\/div>\n\t\t\t\t<\/div>\n\t\t\t\t<\/div>\n\t\t","protected":false},"excerpt":{"rendered":"<p>Louez nos bars mobiles pour vos \u00e9v\u00e9nements Vous \u00eates traiteur, h\u00f4telier, restaurateur, particulier ou une entreprise ? Nous vous proposons \u00e0 la location le mat\u00e9riel pour des prestations culinaires cl\u00e9 en main.<\/p>\n","protected":false},"author":1,"featured_media":0,"parent":0,"menu_order":0,"comment_status":"closed","ping_status":"closed","template":"elementor_header_footer","meta":{"footnotes":""},"class_list":["post-88","page","type-page","status-publish","hentry"],"_links":{"self":[{"href":"https:\/\/lebarmobile.paris\/index.php\/wp-json\/wp\/v2\/pages\/88","targetHints":{"allow":["GET"]}}],"collection":[{"href":"https:\/\/lebarmobile.paris\/index.php\/wp-json\/wp\/v2\/pages"}],"about":[{"href":"https:\/\/lebarmobile.paris\/index.php\/wp-json\/wp\/v2\/types\/page"}],"author":[{"embeddable":true,"href":"https:\/\/lebarmobile.paris\/index.php\/wp-json\/wp\/v2\/users\/1"}],"replies":[{"embeddable":true,"href":"https:\/\/lebarmobile.paris\/index.php\/wp-json\/wp\/v2\/comments?post=88"}],"version-history":[{"count":16,"href":"https:\/\/lebarmobile.paris\/index.php\/wp-json\/wp\/v2\/pages\/88\/revisions"}],"predecessor-version":[{"id":143,"href":"https:\/\/lebarmobile.paris\/index.php\/wp-json\/wp\/v2\/pages\/88\/revisions\/143"}],"wp:attachment":[{"href":"https:\/\/lebarmobile.paris\/index.php\/wp-json\/wp\/v2\/media?parent=88"}],"curies":[{"name":"wp","href":"https:\/\/api.w.org\/{rel}","templated":true}]}}